{"id":1962,"date":"2014-10-03T16:32:05","date_gmt":"2014-10-03T15:32:05","guid":{"rendered":"http:\/\/watever.org\/?page_id=1962"},"modified":"2017-01-07T23:57:32","modified_gmt":"2017-01-07T22:57:32","slug":"our-team","status":"publish","type":"page","link":"http:\/\/watever.org\/en\/about-us\/our-team\/","title":{"rendered":"OUR TEAM"},"content":{"rendered":"<h4>Board of Directors:<\/h4>\n<hr \/>\n<p>Yves Marre (co-fonders) &#8211; <em>President<\/em><br \/>\nMarc Van Peteghem (co-fonders)-\u00a0<em>Vice-president<br \/>\n<\/em>Alexandra Sourbier &#8211;<em> Secretary<\/em><br \/>\nJ\u00e9r\u00e9my Bertaud &#8211; Tresurer<em><br \/>\n<\/em><\/p>\n<p>Alain Connan &amp; G\u00e9rald Similowski (co-fonders) &#8211;\u00a0Committee of Wise Men<\/p>\n<h4 style=\"margin-bottom: 15px;\">Head Quarter:<\/h4>\n<hr \/>\n<p>Herv\u00e9 Renou &#8211; Projects coordinator<br \/>\nVolunteers<\/p>\n<hr \/>\n<p><strong>Support of shipbuilding:<\/strong><\/p>\n<p><em>TaraTari Shipyard<\/em>\u2019s<\/p>\n<p><strong> Training Center :<\/strong><\/p>\n<p>Alexandra Sourbier \u2013 Project Manager<\/p>\n<p><strong>Bamboo Projet :<\/strong><\/p>\n<p>Thomas Dehaye\u2013 Project Manager<\/p>\n<p><strong> They were part of the adventure<\/strong>:<\/p>\n<p>Aude Serrano, Pierre-Alain Leveque, Gabriel Lerebours, Elaine LeFloch, Arthur P\u00e9net, Ary Pauget, Louis-Marie de Certaines, Marie Lecomte, Arthur Guinet, Alain de Solminihac, Claire Tarbes, Sophie Daug\u00e9, Corentin De Chatelperron, Roland Moreau, Julie De Mony-Pajol et Guillemette Cail.<\/p>\n<p>&nbsp;<\/p>\n<p>&nbsp;<\/p>\n","protected":false},"excerpt":{"rendered":"<p>Board of Directors: Yves Marre (co-fonders) &#8211; President Marc Van Peteghem (co-fonders)-\u00a0Vice-president Alexandra Sourbier &#8211; Secretary J\u00e9r\u00e9my Bertaud &#8211; Tresurer Alain Connan &amp; G\u00e9rald Similowski (co-fonders) &#8211;\u00a0Committee of Wise Men Head Quarter: Herv\u00e9 Renou &#8211; Projects coordinator Volunteers Support of shipbuilding: TaraTari Shipyard\u2019s Training Center : Alexandra Sourbier \u2013 Project Manager Bamboo Projet : Thomas [&hellip;]<\/p>\n","protected":false},"author":13,"featured_media":0,"parent":1955,"menu_order":3,"comment_status":"open","ping_status":"open","template":"","meta":[],"yoast_head":"<!-- This site is optimized with the Yoast SEO plugin v16.6.1 - https:\/\/yoast.com\/wordpress\/plugins\/seo\/ -->\n<meta name=\"robots\" content=\"index, follow, max-snippet:-1, max-image-preview:large, max-video-preview:-1\" \/>\n<link rel=\"canonical\" href=\"https:\/\/watever.org\/en\/about-us\/our-team\/\" \/>\n<meta property=\"og:locale\" content=\"fr_FR\" \/>\n<meta property=\"og:type\" content=\"article\" \/>\n<meta property=\"og:title\" content=\"Our Team - Watever\" \/>\n<meta property=\"og:description\" content=\"Board of Directors: Yves Marre (co-fonders) &#8211; President Marc Van Peteghem (co-fonders)-\u00a0Vice-president Alexandra Sourbier &#8211; Secretary J\u00e9r\u00e9my Bertaud &#8211; Tresurer Alain Connan &amp; G\u00e9rald Similowski (co-fonders) &#8211;\u00a0Committee of Wise Men Head Quarter: Herv\u00e9 Renou &#8211; Projects coordinator Volunteers Support of shipbuilding: TaraTari Shipyard\u2019s Training Center : Alexandra Sourbier \u2013 Project Manager Bamboo Projet : Thomas [&hellip;]\" \/>\n<meta property=\"og:url\" content=\"https:\/\/watever.org\/en\/about-us\/our-team\/\" \/>\n<meta property=\"og:site_name\" content=\"WATEVER NGO\" \/>\n<meta property=\"article:modified_time\" content=\"2017-01-07T22:57:32+00:00\" \/>\n<meta name=\"twitter:card\" content=\"summary\" \/>\n<meta name=\"twitter:label1\" content=\"Dur\u00e9e de lecture est.\" \/>\n\t<meta name=\"twitter:data1\" content=\"1 minute\" \/>\n<script type=\"application\/ld+json\" class=\"yoast-schema-graph\">{\"@context\":\"https:\/\/schema.org\",\"@graph\":[{\"@type\":\"WebSite\",\"@id\":\"http:\/\/watever.org\/en\/#website\",\"url\":\"http:\/\/watever.org\/en\/\",\"name\":\"WATEVER NGO\",\"description\":\"\",\"potentialAction\":[{\"@type\":\"SearchAction\",\"target\":{\"@type\":\"EntryPoint\",\"urlTemplate\":\"http:\/\/watever.org\/en\/?s={search_term_string}\"},\"query-input\":\"required name=search_term_string\"}],\"inLanguage\":\"fr-FR\"},{\"@type\":\"WebPage\",\"@id\":\"https:\/\/watever.org\/en\/about-us\/our-team\/#webpage\",\"url\":\"https:\/\/watever.org\/en\/about-us\/our-team\/\",\"name\":\"Our Team - Watever\",\"isPartOf\":{\"@id\":\"http:\/\/watever.org\/en\/#website\"},\"datePublished\":\"2014-10-03T15:32:05+00:00\",\"dateModified\":\"2017-01-07T22:57:32+00:00\",\"breadcrumb\":{\"@id\":\"https:\/\/watever.org\/en\/about-us\/our-team\/#breadcrumb\"},\"inLanguage\":\"fr-FR\",\"potentialAction\":[{\"@type\":\"ReadAction\",\"target\":[\"https:\/\/watever.org\/en\/about-us\/our-team\/\"]}]},{\"@type\":\"BreadcrumbList\",\"@id\":\"https:\/\/watever.org\/en\/about-us\/our-team\/#breadcrumb\",\"itemListElement\":[{\"@type\":\"ListItem\",\"position\":1,\"name\":\"Accueil\",\"item\":\"http:\/\/watever.org\/en\/\"},{\"@type\":\"ListItem\",\"position\":2,\"name\":\"About us\",\"item\":\"https:\/\/watever.org\/en\/about-us\/\"},{\"@type\":\"ListItem\",\"position\":3,\"name\":\"OUR TEAM\"}]}]}<\/script>\n<!-- \/ Yoast SEO plugin. -->","_links":{"self":[{"href":"http:\/\/watever.org\/en\/wp-json\/wp\/v2\/pages\/1962"}],"collection":[{"href":"http:\/\/watever.org\/en\/wp-json\/wp\/v2\/pages"}],"about":[{"href":"http:\/\/watever.org\/en\/wp-json\/wp\/v2\/types\/page"}],"author":[{"embeddable":true,"href":"http:\/\/watever.org\/en\/wp-json\/wp\/v2\/users\/13"}],"replies":[{"embeddable":true,"href":"http:\/\/watever.org\/en\/wp-json\/wp\/v2\/comments?post=1962"}],"version-history":[{"count":3,"href":"http:\/\/watever.org\/en\/wp-json\/wp\/v2\/pages\/1962\/revisions"}],"predecessor-version":[{"id":2862,"href":"http:\/\/watever.org\/en\/wp-json\/wp\/v2\/pages\/1962\/revisions\/2862"}],"up":[{"embeddable":true,"href":"http:\/\/watever.org\/en\/wp-json\/wp\/v2\/pages\/1955"}],"wp:attachment":[{"href":"http:\/\/watever.org\/en\/wp-json\/wp\/v2\/media?parent=1962"}],"curies":[{"name":"wp","href":"https:\/\/api.w.org\/{rel}","templated":true}]}}